{"id":1843,"date":"2016-02-27T21:10:09","date_gmt":"2016-02-27T20:10:09","guid":{"rendered":"http:\/\/www.threeofstrong.com\/?page_id=1843&#038;lang=es"},"modified":"2020-10-05T02:18:58","modified_gmt":"2020-10-05T00:18:58","slug":"sobre-mi","status":"publish","type":"page","link":"https:\/\/www.threeofstrong.com\/es\/sobre-mi\/","title":{"rendered":"Sobre mi"},"content":{"rendered":"\n<div class=\"wp-block-image\"><figure class=\"aligncenter is-resized\"><img loading=\"lazy\" decoding=\"async\" src=\"http:\/\/www.threeofstrong.com\/wp-content\/uploads\/2019\/02\/OriolElias2.jpg\" alt=\"\" class=\"wp-image-47092\" width=\"402\" height=\"489\" srcset=\"https:\/\/www.threeofstrong.com\/wp-content\/uploads\/2019\/02\/OriolElias2.jpg 536w, https:\/\/www.threeofstrong.com\/wp-content\/uploads\/2019\/02\/OriolElias2-247x300.jpg 247w, https:\/\/www.threeofstrong.com\/wp-content\/uploads\/2019\/02\/OriolElias2-411x500.jpg 411w\" sizes=\"auto, (max-width: 402px) 100vw, 402px\" \/><\/figure><\/div>\n\n\n\n<p>Desde las profundidades de la cultura tiki espa\u00f1ola de los 70s al aut\u00e9ntico tiki revival europeo, Oriol Elias aka \u00abThe Bald Bastard\u00bb viaja por el mundo expandiendo la palabra del tiki.<\/p>\n\n\n\n<p>Es un amante del ron, un experto en tiki, se describe como un \u00abcocktail freak\u00bb con base en Barcelona, Espa\u00f1a. Uno de los tiki bartenders m\u00e1s conocidos de Espa\u00f1a, Oriol ha dedicado los \u00faltimos 10 a\u00f1os a perfeccionar su oficio en algunas roner\u00edas y bares tiki de Barcelona incluyendo Tahiti y Caribbean Club.<\/p>\n\n\n\n<p>El nombre de su web \u00abThree of Strong\u00bb se basa en la cl\u00e1sica rima de la receta del Planter&#8217;s Punch:<\/p>\n\n\n\n<blockquote class=\"wp-block-quote is-style-default is-layout-flow wp-block-quote-is-layout-flow\"><p><em><strong>\u201cOne of sour, two of sweet, three of strong, four of weak<\/strong><\/em>\u201d<\/p><\/blockquote>\n\n\n\n<p>Siendo el ron el \u00abstrong\u00bb en esta receta y el Planter&#8217;s Punch la base que Don the Beachcomber us\u00f3 para crear sus famosas Rhum Rapsodies, podemos entender el concepto de este blog: ron, c\u00f3cteles tiki y m\u00e1s&#8230;<\/p>\n\n\n\n<p>Oriol viaja por el mundo de evento en evento, desde Barcelona a Miami, pasando por Lima, Paris, Berlin,&#8230;Ense\u00f1ando sobre ron y c\u00f3cteles tiki en masterclasses, seminarios y talleres, \u00e9l es tambi\u00e9n juez internacional de cata de ron, profesor tiki online en la plataforma Dash Workshops y miembro fundador del Barcelona Rum Club.<\/p>\n","protected":false},"excerpt":{"rendered":"<p>Desde las profundidades de la cultura tiki espa\u00f1ola de los 70s al aut\u00e9ntico tiki revival europeo, Oriol Elias aka \u00abThe Bald Bastard\u00bb viaja por el mundo expandiendo la palabra del tiki. Es un amante del ron, un experto en tiki, se describe como un \u00abcocktail freak\u00bb con base en Barcelona, Espa\u00f1a. Uno de los tiki bartenders m\u00e1s conocidos de Espa\u00f1a, Oriol ha dedicado los \u00faltimos&#8230; <\/p>\n<p class=\"more\"><a class=\"more-link\" href=\"https:\/\/www.threeofstrong.com\/es\/sobre-mi\/\">Read More<\/a><\/p>\n","protected":false},"author":1,"featured_media":0,"parent":0,"menu_order":0,"comment_status":"open","ping_status":"open","template":"","meta":{"jetpack_post_was_ever_published":false,"footnotes":""},"class_list":["post-1843","page","type-page","status-publish","hentry"],"jetpack_shortlink":"https:\/\/wp.me\/P4CvLV-tJ","jetpack_sharing_enabled":true,"_links":{"self":[{"href":"https:\/\/www.threeofstrong.com\/es\/wp-json\/wp\/v2\/pages\/1843","targetHints":{"allow":["GET"]}}],"collection":[{"href":"https:\/\/www.threeofstrong.com\/es\/wp-json\/wp\/v2\/pages"}],"about":[{"href":"https:\/\/www.threeofstrong.com\/es\/wp-json\/wp\/v2\/types\/page"}],"author":[{"embeddable":true,"href":"https:\/\/www.threeofstrong.com\/es\/wp-json\/wp\/v2\/users\/1"}],"replies":[{"embeddable":true,"href":"https:\/\/www.threeofstrong.com\/es\/wp-json\/wp\/v2\/comments?post=1843"}],"version-history":[{"count":12,"href":"https:\/\/www.threeofstrong.com\/es\/wp-json\/wp\/v2\/pages\/1843\/revisions"}],"predecessor-version":[{"id":76186,"href":"https:\/\/www.threeofstrong.com\/es\/wp-json\/wp\/v2\/pages\/1843\/revisions\/76186"}],"wp:attachment":[{"href":"https:\/\/www.threeofstrong.com\/es\/wp-json\/wp\/v2\/media?parent=1843"}],"curies":[{"name":"wp","href":"https:\/\/api.w.org\/{rel}","templated":true}]}}