{"id":76230,"date":"2020-10-07T00:01:45","date_gmt":"2020-10-06T22:01:45","guid":{"rendered":"http:\/\/www.threeofstrong.com\/?page_id=76230"},"modified":"2020-10-12T11:55:30","modified_gmt":"2020-10-12T09:55:30","slug":"manual-de-cocteles-exoticos-barcelona","status":"publish","type":"page","link":"https:\/\/www.threeofstrong.com\/es\/manual-de-cocteles-exoticos-barcelona\/","title":{"rendered":"Manual de C\u00f3cteles Ex\u00f3ticos Barcelona"},"content":{"rendered":"\n<figure class=\"wp-block-image size-large\"><img loading=\"lazy\" decoding=\"async\" width=\"922\" height=\"922\" src=\"http:\/\/www.threeofstrong.com\/wp-content\/uploads\/2020\/10\/CURSOS1_1.jpg\" alt=\"\" class=\"wp-image-76231\" srcset=\"https:\/\/www.threeofstrong.com\/wp-content\/uploads\/2020\/10\/CURSOS1_1.jpg 922w, https:\/\/www.threeofstrong.com\/wp-content\/uploads\/2020\/10\/CURSOS1_1-300x300.jpg 300w, https:\/\/www.threeofstrong.com\/wp-content\/uploads\/2020\/10\/CURSOS1_1-150x150.jpg 150w, https:\/\/www.threeofstrong.com\/wp-content\/uploads\/2020\/10\/CURSOS1_1-768x768.jpg 768w, https:\/\/www.threeofstrong.com\/wp-content\/uploads\/2020\/10\/CURSOS1_1-550x550.jpg 550w, https:\/\/www.threeofstrong.com\/wp-content\/uploads\/2020\/10\/CURSOS1_1-500x500.jpg 500w, https:\/\/www.threeofstrong.com\/wp-content\/uploads\/2020\/10\/CURSOS1_1-250x250.jpg 250w\" sizes=\"auto, (max-width: 922px) 100vw, 922px\" \/><\/figure>\n\n\n\n<p>Oriol Elias nos trae su nuevo curso titulado \u201cManual de C\u00f3cteles Ex\u00f3ticos\u201d, en el que nos dar\u00e1 su punto de vista m\u00e1s personal sobre la Cocteler\u00eda Tiki.<\/p>\n\n\n\n<p>Tras a\u00f1os de experiencia, viajes y estudio de esta categor\u00eda de c\u00f3cteles, Oriol nos ofrecer\u00e1 una formaci\u00f3n muy centrada en entender su historia, los personajes m\u00e1s influyentes, el mundo del ron y como dominar este tipo de destilado, los elementos del c\u00f3ctel tiki y su evoluci\u00f3n, la producci\u00f3n de ingredientes caseros, el teatro del coctel tiki,\u2026con la finalidad de darnos herramientas para poder desarrollar nuestras propias creaciones y asimilar secretos ancestrales que han estado ocultos durante muchos a\u00f1os.<\/p>\n\n\n\n<p>FORMATO: Presencial \/ 5 clases de 3 horas<\/p>\n\n\n\n<p>INICIO DEL CURSO: POR CONFIRMAR <\/p>\n\n\n\n<p>HORARIO: POR CONFIRMAR<\/p>\n\n\n\n<p>PROGRAMACI\u00d3N:<\/p>\n\n\n\n<ul class=\"wp-block-list\"><li>Clase 1: Historia de la Cocteler\u00eda Tiki <\/li><li>Clase 2: Entender el Ron <\/li><li>Clase 3: Estructura y Creatividad<\/li><li>Clase 4: Homemade Tiki <\/li><li>Clase 5: Decoraci\u00f3n, Teatro y Servicio <\/li><li>Presentaci\u00f3n proyecto online (los que hayan realizado el curso completo)<\/li><\/ul>\n\n\n\n<p>INCLUYE:<\/p>\n\n\n\n<ul class=\"wp-block-list\"><li>Recetario PDF de cada sesi\u00f3n<\/li><li>Certificado digital de realizaci\u00f3n del curso (al presentar el proyecto online)<\/li><\/ul>\n\n\n\n<p>PRECIO: 1 Sesi\u00f3n \u2013 75\u20ac \/ Curso completo \u2013 250\u20ac<\/p>\n\n\n\n<p>Puedes realizar el curso completo o seleccionar solo las sesiones que m\u00e1s te interesen.<\/p>\n\n\n\n<p>LUGAR: Collage Atelier (Carrer Hostal de Sant Antoni 5, 08003 Barcelona)<\/p>\n\n\n\n<p>PLAZAS LIMITADAS: M\u00c1XIMO 6 ALUMNOS<\/p>\n\n\n\n<p>INFORMACI\u00d3N Y RESERVA DE PLAZAS: <a href=\"mailto:aloha@threeofstrong.com\" target=\"_blank\" rel=\"noreferrer noopener\">aloha@threeofstrong.com<\/a><\/p>\n","protected":false},"excerpt":{"rendered":"<p>Oriol Elias nos trae su nuevo curso titulado \u201cManual de C\u00f3cteles Ex\u00f3ticos\u201d, en el que nos dar\u00e1 su punto de vista m\u00e1s personal sobre la Cocteler\u00eda Tiki. Tras a\u00f1os de experiencia, viajes y estudio de esta categor\u00eda de c\u00f3cteles, Oriol nos ofrecer\u00e1 una formaci\u00f3n muy centrada en entender su historia, los personajes m\u00e1s influyentes, el mundo del ron y como dominar este tipo de destilado,&#8230; <\/p>\n<p class=\"more\"><a class=\"more-link\" href=\"https:\/\/www.threeofstrong.com\/es\/manual-de-cocteles-exoticos-barcelona\/\">Read More<\/a><\/p>\n","protected":false},"author":1,"featured_media":0,"parent":0,"menu_order":0,"comment_status":"closed","ping_status":"closed","template":"","meta":{"jetpack_post_was_ever_published":false,"footnotes":""},"class_list":["post-76230","page","type-page","status-publish","hentry"],"jetpack_shortlink":"https:\/\/wp.me\/P4CvLV-jPw","jetpack_sharing_enabled":true,"_links":{"self":[{"href":"https:\/\/www.threeofstrong.com\/es\/wp-json\/wp\/v2\/pages\/76230","targetHints":{"allow":["GET"]}}],"collection":[{"href":"https:\/\/www.threeofstrong.com\/es\/wp-json\/wp\/v2\/pages"}],"about":[{"href":"https:\/\/www.threeofstrong.com\/es\/wp-json\/wp\/v2\/types\/page"}],"author":[{"embeddable":true,"href":"https:\/\/www.threeofstrong.com\/es\/wp-json\/wp\/v2\/users\/1"}],"replies":[{"embeddable":true,"href":"https:\/\/www.threeofstrong.com\/es\/wp-json\/wp\/v2\/comments?post=76230"}],"version-history":[{"count":2,"href":"https:\/\/www.threeofstrong.com\/es\/wp-json\/wp\/v2\/pages\/76230\/revisions"}],"predecessor-version":[{"id":76255,"href":"https:\/\/www.threeofstrong.com\/es\/wp-json\/wp\/v2\/pages\/76230\/revisions\/76255"}],"wp:attachment":[{"href":"https:\/\/www.threeofstrong.com\/es\/wp-json\/wp\/v2\/media?parent=76230"}],"curies":[{"name":"wp","href":"https:\/\/api.w.org\/{rel}","templated":true}]}}